{"id":11062,"date":"2025-01-29T10:17:40","date_gmt":"2025-01-29T09:17:40","guid":{"rendered":"https:\/\/www.groupe-cyllene.com\/?page_id=11062"},"modified":"2026-04-30T16:06:17","modified_gmt":"2026-04-30T15:06:17","slug":"mon-cloud","status":"publish","type":"page","link":"https:\/\/www.groupe-cyllene.com\/en\/mon-cloud\/","title":{"rendered":"Landing expertise cloud"},"content":{"rendered":"","protected":false},"excerpt":{"rendered":"","protected":false},"author":11,"featured_media":0,"parent":0,"menu_order":0,"comment_status":"closed","ping_status":"closed","template":"template-landing-v2.2.php","meta":{"inline_featured_image":false,"footnotes":""},"class_list":["post-11062","page","type-page","status-publish","hentry"],"acf":[],"yoast_head":"<!-- This site is optimized with the Yoast SEO plugin v27.5 - https:\/\/yoast.com\/product\/yoast-seo-wordpress\/ -->\n<title>Cloud priv\u00e9 souverain &amp; services manag\u00e9s sur mesure \u2013 Cyllene<\/title>\n<meta name=\"description\" content=\"Optez pour un Cloud souverain avec Cyllene. H\u00e9bergement s\u00e9curis\u00e9 en France, Cloud priv\u00e9 ou hybride et infog\u00e9rance 24h\/24 et sur-mesure.\" \/>\n<meta name=\"robots\" content=\"index, follow, max-snippet:-1, max-image-preview:large, max-video-preview:-1\" \/>\n<link rel=\"canonical\" href=\"https:\/\/www.groupe-cyllene.com\/en\/mon-cloud\/\" \/>\n<meta property=\"og:locale\" content=\"en_GB\" \/>\n<meta property=\"og:type\" content=\"article\" \/>\n<meta property=\"og:title\" content=\"Cloud priv\u00e9 souverain &amp; services manag\u00e9s sur mesure \u2013 Cyllene\" \/>\n<meta property=\"og:description\" content=\"Optez pour un Cloud souverain avec Cyllene. H\u00e9bergement s\u00e9curis\u00e9 en France, Cloud priv\u00e9 ou hybride et infog\u00e9rance 24h\/24 et sur-mesure.\" \/>\n<meta property=\"og:url\" content=\"https:\/\/www.groupe-cyllene.com\/en\/mon-cloud\/\" \/>\n<meta property=\"og:site_name\" content=\"Cyllene\" \/>\n<meta property=\"article:modified_time\" content=\"2026-04-30T15:06:17+00:00\" \/>\n<meta name=\"twitter:card\" content=\"summary_large_image\" \/>\n<script type=\"application\/ld+json\" class=\"yoast-schema-graph\">{\"@context\":\"https:\\\/\\\/schema.org\",\"@graph\":[{\"@type\":\"WebPage\",\"@id\":\"https:\\\/\\\/www.groupe-cyllene.com\\\/mon-cloud\\\/\",\"url\":\"https:\\\/\\\/www.groupe-cyllene.com\\\/mon-cloud\\\/\",\"name\":\"Cloud priv\u00e9 souverain & services manag\u00e9s sur mesure \u2013 Cyllene\",\"isPartOf\":{\"@id\":\"https:\\\/\\\/www.groupe-cyllene.com\\\/#website\"},\"datePublished\":\"2025-01-29T09:17:40+00:00\",\"dateModified\":\"2026-04-30T15:06:17+00:00\",\"description\":\"Optez pour un Cloud souverain avec Cyllene. H\u00e9bergement s\u00e9curis\u00e9 en France, Cloud priv\u00e9 ou hybride et infog\u00e9rance 24h\\\/24 et sur-mesure.\",\"inLanguage\":\"en-GB\",\"potentialAction\":[{\"@type\":\"ReadAction\",\"target\":[\"https:\\\/\\\/www.groupe-cyllene.com\\\/mon-cloud\\\/\"]}]},{\"@type\":\"WebSite\",\"@id\":\"https:\\\/\\\/www.groupe-cyllene.com\\\/#website\",\"url\":\"https:\\\/\\\/www.groupe-cyllene.com\\\/\",\"name\":\"Cyllene\",\"description\":\"\",\"potentialAction\":[{\"@type\":\"SearchAction\",\"target\":{\"@type\":\"EntryPoint\",\"urlTemplate\":\"https:\\\/\\\/www.groupe-cyllene.com\\\/?s={search_term_string}\"},\"query-input\":{\"@type\":\"PropertyValueSpecification\",\"valueRequired\":true,\"valueName\":\"search_term_string\"}}],\"inLanguage\":\"en-GB\"}]}<\/script>\n<!-- \/ Yoast SEO plugin. -->","yoast_head_json":{"title":"Cloud priv\u00e9 souverain & services manag\u00e9s sur mesure \u2013 Cyllene","description":"Optez pour un Cloud souverain avec Cyllene. H\u00e9bergement s\u00e9curis\u00e9 en France, Cloud priv\u00e9 ou hybride et infog\u00e9rance 24h\/24 et sur-mesure.","robots":{"index":"index","follow":"follow","max-snippet":"max-snippet:-1","max-image-preview":"max-image-preview:large","max-video-preview":"max-video-preview:-1"},"canonical":"https:\/\/www.groupe-cyllene.com\/en\/mon-cloud\/","og_locale":"en_GB","og_type":"article","og_title":"Cloud priv\u00e9 souverain & services manag\u00e9s sur mesure \u2013 Cyllene","og_description":"Optez pour un Cloud souverain avec Cyllene. H\u00e9bergement s\u00e9curis\u00e9 en France, Cloud priv\u00e9 ou hybride et infog\u00e9rance 24h\/24 et sur-mesure.","og_url":"https:\/\/www.groupe-cyllene.com\/en\/mon-cloud\/","og_site_name":"Cyllene","article_modified_time":"2026-04-30T15:06:17+00:00","twitter_card":"summary_large_image","schema":{"@context":"https:\/\/schema.org","@graph":[{"@type":"WebPage","@id":"https:\/\/www.groupe-cyllene.com\/mon-cloud\/","url":"https:\/\/www.groupe-cyllene.com\/mon-cloud\/","name":"Cloud priv\u00e9 souverain & services manag\u00e9s sur mesure \u2013 Cyllene","isPartOf":{"@id":"https:\/\/www.groupe-cyllene.com\/#website"},"datePublished":"2025-01-29T09:17:40+00:00","dateModified":"2026-04-30T15:06:17+00:00","description":"Optez pour un Cloud souverain avec Cyllene. H\u00e9bergement s\u00e9curis\u00e9 en France, Cloud priv\u00e9 ou hybride et infog\u00e9rance 24h\/24 et sur-mesure.","inLanguage":"en-GB","potentialAction":[{"@type":"ReadAction","target":["https:\/\/www.groupe-cyllene.com\/mon-cloud\/"]}]},{"@type":"WebSite","@id":"https:\/\/www.groupe-cyllene.com\/#website","url":"https:\/\/www.groupe-cyllene.com\/","name":"Cyllene","description":"","potentialAction":[{"@type":"SearchAction","target":{"@type":"EntryPoint","urlTemplate":"https:\/\/www.groupe-cyllene.com\/?s={search_term_string}"},"query-input":{"@type":"PropertyValueSpecification","valueRequired":true,"valueName":"search_term_string"}}],"inLanguage":"en-GB"}]}},"_links":{"self":[{"href":"https:\/\/www.groupe-cyllene.com\/en\/wp-json\/wp\/v2\/pages\/11062","targetHints":{"allow":["GET"]}}],"collection":[{"href":"https:\/\/www.groupe-cyllene.com\/en\/wp-json\/wp\/v2\/pages"}],"about":[{"href":"https:\/\/www.groupe-cyllene.com\/en\/wp-json\/wp\/v2\/types\/page"}],"author":[{"embeddable":true,"href":"https:\/\/www.groupe-cyllene.com\/en\/wp-json\/wp\/v2\/users\/11"}],"replies":[{"embeddable":true,"href":"https:\/\/www.groupe-cyllene.com\/en\/wp-json\/wp\/v2\/comments?post=11062"}],"version-history":[{"count":66,"href":"https:\/\/www.groupe-cyllene.com\/en\/wp-json\/wp\/v2\/pages\/11062\/revisions"}],"predecessor-version":[{"id":17579,"href":"https:\/\/www.groupe-cyllene.com\/en\/wp-json\/wp\/v2\/pages\/11062\/revisions\/17579"}],"wp:attachment":[{"href":"https:\/\/www.groupe-cyllene.com\/en\/wp-json\/wp\/v2\/media?parent=11062"}],"curies":[{"name":"wp","href":"https:\/\/api.w.org\/{rel}","templated":true}]}}