{"id":13078,"date":"2025-06-23T10:50:22","date_gmt":"2025-06-23T09:50:22","guid":{"rendered":"https:\/\/www.groupe-cyllene.com\/?page_id=13078"},"modified":"2026-04-02T15:38:26","modified_gmt":"2026-04-02T14:38:26","slug":"services-manages","status":"publish","type":"page","link":"https:\/\/www.groupe-cyllene.com\/en\/services-manages\/","title":{"rendered":"Services Manag\u00e9s"},"content":{"rendered":"","protected":false},"excerpt":{"rendered":"","protected":false},"author":11,"featured_media":0,"parent":0,"menu_order":0,"comment_status":"closed","ping_status":"closed","template":"template-solutions.php","meta":{"inline_featured_image":false,"footnotes":""},"class_list":["post-13078","page","type-page","status-publish","hentry"],"acf":[],"yoast_head":"<!-- This site is optimized with the Yoast SEO plugin v27.4 - https:\/\/yoast.com\/product\/yoast-seo-wordpress\/ -->\n<title>Services manag\u00e9s IT &amp; supervision 24\/7 | Notre Expertise Cyllene<\/title>\n<meta name=\"description\" content=\"Cyllene pilote votre IT 24\/7 : infog\u00e9rance, supervision, administration syst\u00e8mes, BDD et applicative. Infrastructure s\u00e9curis\u00e9e et performante.\" \/>\n<meta name=\"robots\" content=\"index, follow, max-snippet:-1, max-image-preview:large, max-video-preview:-1\" \/>\n<link rel=\"canonical\" href=\"https:\/\/www.groupe-cyllene.com\/en\/services-manages\/\" \/>\n<meta property=\"og:locale\" content=\"en_GB\" \/>\n<meta property=\"og:type\" content=\"article\" \/>\n<meta property=\"og:title\" content=\"Services manag\u00e9s IT &amp; supervision 24\/7 | Notre Expertise Cyllene\" \/>\n<meta property=\"og:description\" content=\"Cyllene pilote votre IT 24\/7 : infog\u00e9rance, supervision, administration syst\u00e8mes, BDD et applicative. Infrastructure s\u00e9curis\u00e9e et performante.\" \/>\n<meta property=\"og:url\" content=\"https:\/\/www.groupe-cyllene.com\/en\/services-manages\/\" \/>\n<meta property=\"og:site_name\" content=\"Cyllene\" \/>\n<meta property=\"article:modified_time\" content=\"2026-04-02T14:38:26+00:00\" \/>\n<meta property=\"og:image\" content=\"https:\/\/www.groupe-cyllene.com\/wp-content\/uploads\/2023\/11\/Sharing_Image-1.jpg\" \/>\n\t<meta property=\"og:image:width\" content=\"700\" \/>\n\t<meta property=\"og:image:height\" content=\"430\" \/>\n\t<meta property=\"og:image:type\" content=\"image\/jpeg\" \/>\n<meta name=\"twitter:card\" content=\"summary_large_image\" \/>\n<script type=\"application\/ld+json\" class=\"yoast-schema-graph\">{\"@context\":\"https:\\\/\\\/schema.org\",\"@graph\":[{\"@type\":\"WebPage\",\"@id\":\"https:\\\/\\\/www.groupe-cyllene.com\\\/services-manages\\\/\",\"url\":\"https:\\\/\\\/www.groupe-cyllene.com\\\/services-manages\\\/\",\"name\":\"Services manag\u00e9s IT & supervision 24\\\/7 | Notre Expertise Cyllene\",\"isPartOf\":{\"@id\":\"https:\\\/\\\/www.groupe-cyllene.com\\\/#website\"},\"datePublished\":\"2025-06-23T09:50:22+00:00\",\"dateModified\":\"2026-04-02T14:38:26+00:00\",\"description\":\"Cyllene pilote votre IT 24\\\/7 : infog\u00e9rance, supervision, administration syst\u00e8mes, BDD et applicative. Infrastructure s\u00e9curis\u00e9e et performante.\",\"inLanguage\":\"en-GB\",\"potentialAction\":[{\"@type\":\"ReadAction\",\"target\":[\"https:\\\/\\\/www.groupe-cyllene.com\\\/services-manages\\\/\"]}]},{\"@type\":\"WebSite\",\"@id\":\"https:\\\/\\\/www.groupe-cyllene.com\\\/#website\",\"url\":\"https:\\\/\\\/www.groupe-cyllene.com\\\/\",\"name\":\"Cyllene\",\"description\":\"\",\"potentialAction\":[{\"@type\":\"SearchAction\",\"target\":{\"@type\":\"EntryPoint\",\"urlTemplate\":\"https:\\\/\\\/www.groupe-cyllene.com\\\/?s={search_term_string}\"},\"query-input\":{\"@type\":\"PropertyValueSpecification\",\"valueRequired\":true,\"valueName\":\"search_term_string\"}}],\"inLanguage\":\"en-GB\"}]}<\/script>\n<!-- \/ Yoast SEO plugin. -->","yoast_head_json":{"title":"Services manag\u00e9s IT & supervision 24\/7 | Notre Expertise Cyllene","description":"Cyllene pilote votre IT 24\/7 : infog\u00e9rance, supervision, administration syst\u00e8mes, BDD et applicative. Infrastructure s\u00e9curis\u00e9e et performante.","robots":{"index":"index","follow":"follow","max-snippet":"max-snippet:-1","max-image-preview":"max-image-preview:large","max-video-preview":"max-video-preview:-1"},"canonical":"https:\/\/www.groupe-cyllene.com\/en\/services-manages\/","og_locale":"en_GB","og_type":"article","og_title":"Services manag\u00e9s IT & supervision 24\/7 | Notre Expertise Cyllene","og_description":"Cyllene pilote votre IT 24\/7 : infog\u00e9rance, supervision, administration syst\u00e8mes, BDD et applicative. Infrastructure s\u00e9curis\u00e9e et performante.","og_url":"https:\/\/www.groupe-cyllene.com\/en\/services-manages\/","og_site_name":"Cyllene","article_modified_time":"2026-04-02T14:38:26+00:00","og_image":[{"width":700,"height":430,"url":"https:\/\/www.groupe-cyllene.com\/wp-content\/uploads\/2023\/11\/Sharing_Image-1.jpg","type":"image\/jpeg"}],"twitter_card":"summary_large_image","schema":{"@context":"https:\/\/schema.org","@graph":[{"@type":"WebPage","@id":"https:\/\/www.groupe-cyllene.com\/services-manages\/","url":"https:\/\/www.groupe-cyllene.com\/services-manages\/","name":"Services manag\u00e9s IT & supervision 24\/7 | Notre Expertise Cyllene","isPartOf":{"@id":"https:\/\/www.groupe-cyllene.com\/#website"},"datePublished":"2025-06-23T09:50:22+00:00","dateModified":"2026-04-02T14:38:26+00:00","description":"Cyllene pilote votre IT 24\/7 : infog\u00e9rance, supervision, administration syst\u00e8mes, BDD et applicative. Infrastructure s\u00e9curis\u00e9e et performante.","inLanguage":"en-GB","potentialAction":[{"@type":"ReadAction","target":["https:\/\/www.groupe-cyllene.com\/services-manages\/"]}]},{"@type":"WebSite","@id":"https:\/\/www.groupe-cyllene.com\/#website","url":"https:\/\/www.groupe-cyllene.com\/","name":"Cyllene","description":"","potentialAction":[{"@type":"SearchAction","target":{"@type":"EntryPoint","urlTemplate":"https:\/\/www.groupe-cyllene.com\/?s={search_term_string}"},"query-input":{"@type":"PropertyValueSpecification","valueRequired":true,"valueName":"search_term_string"}}],"inLanguage":"en-GB"}]}},"_links":{"self":[{"href":"https:\/\/www.groupe-cyllene.com\/en\/wp-json\/wp\/v2\/pages\/13078","targetHints":{"allow":["GET"]}}],"collection":[{"href":"https:\/\/www.groupe-cyllene.com\/en\/wp-json\/wp\/v2\/pages"}],"about":[{"href":"https:\/\/www.groupe-cyllene.com\/en\/wp-json\/wp\/v2\/types\/page"}],"author":[{"embeddable":true,"href":"https:\/\/www.groupe-cyllene.com\/en\/wp-json\/wp\/v2\/users\/11"}],"replies":[{"embeddable":true,"href":"https:\/\/www.groupe-cyllene.com\/en\/wp-json\/wp\/v2\/comments?post=13078"}],"version-history":[{"count":32,"href":"https:\/\/www.groupe-cyllene.com\/en\/wp-json\/wp\/v2\/pages\/13078\/revisions"}],"predecessor-version":[{"id":15018,"href":"https:\/\/www.groupe-cyllene.com\/en\/wp-json\/wp\/v2\/pages\/13078\/revisions\/15018"}],"wp:attachment":[{"href":"https:\/\/www.groupe-cyllene.com\/en\/wp-json\/wp\/v2\/media?parent=13078"}],"curies":[{"name":"wp","href":"https:\/\/api.w.org\/{rel}","templated":true}]}}