{"id":14786,"date":"2025-10-27T17:34:35","date_gmt":"2025-10-27T16:34:35","guid":{"rendered":"https:\/\/www.groupe-cyllene.com\/?page_id=14786"},"modified":"2026-01-23T15:19:05","modified_gmt":"2026-01-23T14:19:05","slug":"sauvegarde-managee","status":"publish","type":"page","link":"https:\/\/www.groupe-cyllene.com\/en\/sauvegarde-managee\/","title":{"rendered":"RUBRIK MSP"},"content":{"rendered":"","protected":false},"excerpt":{"rendered":"","protected":false},"author":11,"featured_media":15033,"parent":0,"menu_order":0,"comment_status":"closed","ping_status":"closed","template":"template-landing-v2.2.php","meta":{"inline_featured_image":false,"footnotes":""},"class_list":["post-14786","page","type-page","status-publish","has-post-thumbnail","hentry"],"acf":[],"yoast_head":"<!-- This site is optimized with the Yoast SEO plugin v27.5 - https:\/\/yoast.com\/product\/yoast-seo-wordpress\/ -->\n<title>Cyllene | S\u00e9curiser vos donn\u00e9es : une garantie pour demain.<\/title>\n<meta name=\"description\" content=\"prot\u00e9ger vos donn\u00e9es ne se limite pas \u00e0 la pr\u00e9vention des cyberattaques ; elle englobe \u00e9galement la gestion des risques, la conformit\u00e9 r\u00e9glementaire...\" \/>\n<meta name=\"robots\" content=\"index, follow, max-snippet:-1, max-image-preview:large, max-video-preview:-1\" \/>\n<link rel=\"canonical\" href=\"https:\/\/www.groupe-cyllene.com\/en\/sauvegarde-managee\/\" \/>\n<meta property=\"og:locale\" content=\"en_GB\" \/>\n<meta property=\"og:type\" content=\"article\" \/>\n<meta property=\"og:title\" content=\"Cyllene | S\u00e9curiser vos donn\u00e9es : une garantie pour demain.\" \/>\n<meta property=\"og:description\" content=\"prot\u00e9ger vos donn\u00e9es ne se limite pas \u00e0 la pr\u00e9vention des cyberattaques ; elle englobe \u00e9galement la gestion des risques, la conformit\u00e9 r\u00e9glementaire...\" \/>\n<meta property=\"og:url\" content=\"https:\/\/www.groupe-cyllene.com\/en\/sauvegarde-managee\/\" \/>\n<meta property=\"og:site_name\" content=\"Cyllene\" \/>\n<meta property=\"article:modified_time\" content=\"2026-01-23T14:19:05+00:00\" \/>\n<meta property=\"og:image\" content=\"https:\/\/www.groupe-cyllene.com\/wp-content\/uploads\/2025\/11\/daniel-price-mCGZPYjfROM-unsplash-scaled.jpg\" \/>\n\t<meta property=\"og:image:width\" content=\"2560\" \/>\n\t<meta property=\"og:image:height\" content=\"1809\" \/>\n\t<meta property=\"og:image:type\" content=\"image\/jpeg\" \/>\n<meta name=\"twitter:card\" content=\"summary_large_image\" \/>\n<meta name=\"twitter:label1\" content=\"Estimated reading time\" \/>\n\t<meta name=\"twitter:data1\" content=\"1 minute\" \/>\n<script type=\"application\/ld+json\" class=\"yoast-schema-graph\">{\"@context\":\"https:\\\/\\\/schema.org\",\"@graph\":[{\"@type\":\"WebPage\",\"@id\":\"https:\\\/\\\/www.groupe-cyllene.com\\\/sauvegarde-managee\\\/\",\"url\":\"https:\\\/\\\/www.groupe-cyllene.com\\\/sauvegarde-managee\\\/\",\"name\":\"Cyllene | S\u00e9curiser vos donn\u00e9es : une garantie pour demain.\",\"isPartOf\":{\"@id\":\"https:\\\/\\\/www.groupe-cyllene.com\\\/#website\"},\"primaryImageOfPage\":{\"@id\":\"https:\\\/\\\/www.groupe-cyllene.com\\\/sauvegarde-managee\\\/#primaryimage\"},\"image\":{\"@id\":\"https:\\\/\\\/www.groupe-cyllene.com\\\/sauvegarde-managee\\\/#primaryimage\"},\"thumbnailUrl\":\"https:\\\/\\\/www.groupe-cyllene.com\\\/wp-content\\\/uploads\\\/2025\\\/11\\\/daniel-price-mCGZPYjfROM-unsplash-scaled.jpg\",\"datePublished\":\"2025-10-27T16:34:35+00:00\",\"dateModified\":\"2026-01-23T14:19:05+00:00\",\"description\":\"prot\u00e9ger vos donn\u00e9es ne se limite pas \u00e0 la pr\u00e9vention des cyberattaques ; elle englobe \u00e9galement la gestion des risques, la conformit\u00e9 r\u00e9glementaire...\",\"inLanguage\":\"en-GB\",\"potentialAction\":[{\"@type\":\"ReadAction\",\"target\":[\"https:\\\/\\\/www.groupe-cyllene.com\\\/sauvegarde-managee\\\/\"]}]},{\"@type\":\"ImageObject\",\"inLanguage\":\"en-GB\",\"@id\":\"https:\\\/\\\/www.groupe-cyllene.com\\\/sauvegarde-managee\\\/#primaryimage\",\"url\":\"https:\\\/\\\/www.groupe-cyllene.com\\\/wp-content\\\/uploads\\\/2025\\\/11\\\/daniel-price-mCGZPYjfROM-unsplash-scaled.jpg\",\"contentUrl\":\"https:\\\/\\\/www.groupe-cyllene.com\\\/wp-content\\\/uploads\\\/2025\\\/11\\\/daniel-price-mCGZPYjfROM-unsplash-scaled.jpg\",\"width\":2560,\"height\":1809},{\"@type\":\"WebSite\",\"@id\":\"https:\\\/\\\/www.groupe-cyllene.com\\\/#website\",\"url\":\"https:\\\/\\\/www.groupe-cyllene.com\\\/\",\"name\":\"Cyllene\",\"description\":\"\",\"potentialAction\":[{\"@type\":\"SearchAction\",\"target\":{\"@type\":\"EntryPoint\",\"urlTemplate\":\"https:\\\/\\\/www.groupe-cyllene.com\\\/?s={search_term_string}\"},\"query-input\":{\"@type\":\"PropertyValueSpecification\",\"valueRequired\":true,\"valueName\":\"search_term_string\"}}],\"inLanguage\":\"en-GB\"}]}<\/script>\n<!-- \/ Yoast SEO plugin. -->","yoast_head_json":{"title":"Cyllene | S\u00e9curiser vos donn\u00e9es : une garantie pour demain.","description":"prot\u00e9ger vos donn\u00e9es ne se limite pas \u00e0 la pr\u00e9vention des cyberattaques ; elle englobe \u00e9galement la gestion des risques, la conformit\u00e9 r\u00e9glementaire...","robots":{"index":"index","follow":"follow","max-snippet":"max-snippet:-1","max-image-preview":"max-image-preview:large","max-video-preview":"max-video-preview:-1"},"canonical":"https:\/\/www.groupe-cyllene.com\/en\/sauvegarde-managee\/","og_locale":"en_GB","og_type":"article","og_title":"Cyllene | S\u00e9curiser vos donn\u00e9es : une garantie pour demain.","og_description":"prot\u00e9ger vos donn\u00e9es ne se limite pas \u00e0 la pr\u00e9vention des cyberattaques ; elle englobe \u00e9galement la gestion des risques, la conformit\u00e9 r\u00e9glementaire...","og_url":"https:\/\/www.groupe-cyllene.com\/en\/sauvegarde-managee\/","og_site_name":"Cyllene","article_modified_time":"2026-01-23T14:19:05+00:00","og_image":[{"width":2560,"height":1809,"url":"https:\/\/www.groupe-cyllene.com\/wp-content\/uploads\/2025\/11\/daniel-price-mCGZPYjfROM-unsplash-scaled.jpg","type":"image\/jpeg"}],"twitter_card":"summary_large_image","twitter_misc":{"Estimated reading time":"1 minute"},"schema":{"@context":"https:\/\/schema.org","@graph":[{"@type":"WebPage","@id":"https:\/\/www.groupe-cyllene.com\/sauvegarde-managee\/","url":"https:\/\/www.groupe-cyllene.com\/sauvegarde-managee\/","name":"Cyllene | S\u00e9curiser vos donn\u00e9es : une garantie pour demain.","isPartOf":{"@id":"https:\/\/www.groupe-cyllene.com\/#website"},"primaryImageOfPage":{"@id":"https:\/\/www.groupe-cyllene.com\/sauvegarde-managee\/#primaryimage"},"image":{"@id":"https:\/\/www.groupe-cyllene.com\/sauvegarde-managee\/#primaryimage"},"thumbnailUrl":"https:\/\/www.groupe-cyllene.com\/wp-content\/uploads\/2025\/11\/daniel-price-mCGZPYjfROM-unsplash-scaled.jpg","datePublished":"2025-10-27T16:34:35+00:00","dateModified":"2026-01-23T14:19:05+00:00","description":"prot\u00e9ger vos donn\u00e9es ne se limite pas \u00e0 la pr\u00e9vention des cyberattaques ; elle englobe \u00e9galement la gestion des risques, la conformit\u00e9 r\u00e9glementaire...","inLanguage":"en-GB","potentialAction":[{"@type":"ReadAction","target":["https:\/\/www.groupe-cyllene.com\/sauvegarde-managee\/"]}]},{"@type":"ImageObject","inLanguage":"en-GB","@id":"https:\/\/www.groupe-cyllene.com\/sauvegarde-managee\/#primaryimage","url":"https:\/\/www.groupe-cyllene.com\/wp-content\/uploads\/2025\/11\/daniel-price-mCGZPYjfROM-unsplash-scaled.jpg","contentUrl":"https:\/\/www.groupe-cyllene.com\/wp-content\/uploads\/2025\/11\/daniel-price-mCGZPYjfROM-unsplash-scaled.jpg","width":2560,"height":1809},{"@type":"WebSite","@id":"https:\/\/www.groupe-cyllene.com\/#website","url":"https:\/\/www.groupe-cyllene.com\/","name":"Cyllene","description":"","potentialAction":[{"@type":"SearchAction","target":{"@type":"EntryPoint","urlTemplate":"https:\/\/www.groupe-cyllene.com\/?s={search_term_string}"},"query-input":{"@type":"PropertyValueSpecification","valueRequired":true,"valueName":"search_term_string"}}],"inLanguage":"en-GB"}]}},"_links":{"self":[{"href":"https:\/\/www.groupe-cyllene.com\/en\/wp-json\/wp\/v2\/pages\/14786","targetHints":{"allow":["GET"]}}],"collection":[{"href":"https:\/\/www.groupe-cyllene.com\/en\/wp-json\/wp\/v2\/pages"}],"about":[{"href":"https:\/\/www.groupe-cyllene.com\/en\/wp-json\/wp\/v2\/types\/page"}],"author":[{"embeddable":true,"href":"https:\/\/www.groupe-cyllene.com\/en\/wp-json\/wp\/v2\/users\/11"}],"replies":[{"embeddable":true,"href":"https:\/\/www.groupe-cyllene.com\/en\/wp-json\/wp\/v2\/comments?post=14786"}],"version-history":[{"count":134,"href":"https:\/\/www.groupe-cyllene.com\/en\/wp-json\/wp\/v2\/pages\/14786\/revisions"}],"predecessor-version":[{"id":15787,"href":"https:\/\/www.groupe-cyllene.com\/en\/wp-json\/wp\/v2\/pages\/14786\/revisions\/15787"}],"wp:featuredmedia":[{"embeddable":true,"href":"https:\/\/www.groupe-cyllene.com\/en\/wp-json\/wp\/v2\/media\/15033"}],"wp:attachment":[{"href":"https:\/\/www.groupe-cyllene.com\/en\/wp-json\/wp\/v2\/media?parent=14786"}],"curies":[{"name":"wp","href":"https:\/\/api.w.org\/{rel}","templated":true}]}}