{"id":16183,"date":"2026-01-06T10:22:36","date_gmt":"2026-01-06T09:22:36","guid":{"rendered":"https:\/\/www.groupe-cyllene.com\/?page_id=16183"},"modified":"2026-04-02T15:26:07","modified_gmt":"2026-04-02T14:26:07","slug":"etl-souverain","status":"publish","type":"page","link":"https:\/\/www.groupe-cyllene.com\/en\/etl-souverain\/","title":{"rendered":"ETL SOUVERAIN"},"content":{"rendered":"","protected":false},"excerpt":{"rendered":"","protected":false},"author":11,"featured_media":14113,"parent":0,"menu_order":0,"comment_status":"closed","ping_status":"closed","template":"template-landing-v2.2.php","meta":{"inline_featured_image":false,"footnotes":""},"class_list":["post-16183","page","type-page","status-publish","has-post-thumbnail","hentry"],"acf":[],"yoast_head":"<!-- This site is optimized with the Yoast SEO plugin v27.4 - https:\/\/yoast.com\/product\/yoast-seo-wordpress\/ -->\n<title>Solution ETL Souveraine &amp; S\u00e9curis\u00e9e | Cyllene<\/title>\n<meta name=\"description\" content=\"Cyllene propose un ETL souverain op\u00e9r\u00e9 en France : batch, streaming, connecteurs natifs et support 24\/7 pour fiabiliser vos flux de donn\u00e9es.\" \/>\n<meta name=\"robots\" content=\"index, follow, max-snippet:-1, max-image-preview:large, max-video-preview:-1\" \/>\n<link rel=\"canonical\" href=\"https:\/\/www.groupe-cyllene.com\/en\/etl-souverain\/\" \/>\n<meta property=\"og:locale\" content=\"en_GB\" \/>\n<meta property=\"og:type\" content=\"article\" \/>\n<meta property=\"og:title\" content=\"Solution ETL Souveraine &amp; S\u00e9curis\u00e9e | Cyllene\" \/>\n<meta property=\"og:description\" content=\"Cyllene propose un ETL souverain op\u00e9r\u00e9 en France : batch, streaming, connecteurs natifs et support 24\/7 pour fiabiliser vos flux de donn\u00e9es.\" \/>\n<meta property=\"og:url\" content=\"https:\/\/www.groupe-cyllene.com\/en\/etl-souverain\/\" \/>\n<meta property=\"og:site_name\" content=\"Cyllene\" \/>\n<meta property=\"article:modified_time\" content=\"2026-04-02T14:26:07+00:00\" \/>\n<meta property=\"og:image\" content=\"https:\/\/www.groupe-cyllene.com\/wp-content\/uploads\/2025\/10\/fabio-oyXis2kALVg-unsplash.jpg\" \/>\n\t<meta property=\"og:image:width\" content=\"2048\" \/>\n\t<meta property=\"og:image:height\" content=\"1536\" \/>\n\t<meta property=\"og:image:type\" content=\"image\/jpeg\" \/>\n<meta name=\"twitter:card\" content=\"summary_large_image\" \/>\n<meta name=\"twitter:label1\" content=\"Estimated reading time\" \/>\n\t<meta name=\"twitter:data1\" content=\"1 minute\" \/>\n<script type=\"application\/ld+json\" class=\"yoast-schema-graph\">{\"@context\":\"https:\\\/\\\/schema.org\",\"@graph\":[{\"@type\":\"WebPage\",\"@id\":\"https:\\\/\\\/www.groupe-cyllene.com\\\/etl-souverain\\\/\",\"url\":\"https:\\\/\\\/www.groupe-cyllene.com\\\/etl-souverain\\\/\",\"name\":\"Solution ETL Souveraine & S\u00e9curis\u00e9e | Cyllene\",\"isPartOf\":{\"@id\":\"https:\\\/\\\/www.groupe-cyllene.com\\\/#website\"},\"primaryImageOfPage\":{\"@id\":\"https:\\\/\\\/www.groupe-cyllene.com\\\/etl-souverain\\\/#primaryimage\"},\"image\":{\"@id\":\"https:\\\/\\\/www.groupe-cyllene.com\\\/etl-souverain\\\/#primaryimage\"},\"thumbnailUrl\":\"https:\\\/\\\/www.groupe-cyllene.com\\\/wp-content\\\/uploads\\\/2025\\\/10\\\/fabio-oyXis2kALVg-unsplash.jpg\",\"datePublished\":\"2026-01-06T09:22:36+00:00\",\"dateModified\":\"2026-04-02T14:26:07+00:00\",\"description\":\"Cyllene propose un ETL souverain op\u00e9r\u00e9 en France : batch, streaming, connecteurs natifs et support 24\\\/7 pour fiabiliser vos flux de donn\u00e9es.\",\"inLanguage\":\"en-GB\",\"potentialAction\":[{\"@type\":\"ReadAction\",\"target\":[\"https:\\\/\\\/www.groupe-cyllene.com\\\/etl-souverain\\\/\"]}]},{\"@type\":\"ImageObject\",\"inLanguage\":\"en-GB\",\"@id\":\"https:\\\/\\\/www.groupe-cyllene.com\\\/etl-souverain\\\/#primaryimage\",\"url\":\"https:\\\/\\\/www.groupe-cyllene.com\\\/wp-content\\\/uploads\\\/2025\\\/10\\\/fabio-oyXis2kALVg-unsplash.jpg\",\"contentUrl\":\"https:\\\/\\\/www.groupe-cyllene.com\\\/wp-content\\\/uploads\\\/2025\\\/10\\\/fabio-oyXis2kALVg-unsplash.jpg\",\"width\":2048,\"height\":1536},{\"@type\":\"WebSite\",\"@id\":\"https:\\\/\\\/www.groupe-cyllene.com\\\/#website\",\"url\":\"https:\\\/\\\/www.groupe-cyllene.com\\\/\",\"name\":\"Cyllene\",\"description\":\"\",\"potentialAction\":[{\"@type\":\"SearchAction\",\"target\":{\"@type\":\"EntryPoint\",\"urlTemplate\":\"https:\\\/\\\/www.groupe-cyllene.com\\\/?s={search_term_string}\"},\"query-input\":{\"@type\":\"PropertyValueSpecification\",\"valueRequired\":true,\"valueName\":\"search_term_string\"}}],\"inLanguage\":\"en-GB\"}]}<\/script>\n<!-- \/ Yoast SEO plugin. -->","yoast_head_json":{"title":"Solution ETL Souveraine & S\u00e9curis\u00e9e | Cyllene","description":"Cyllene propose un ETL souverain op\u00e9r\u00e9 en France : batch, streaming, connecteurs natifs et support 24\/7 pour fiabiliser vos flux de donn\u00e9es.","robots":{"index":"index","follow":"follow","max-snippet":"max-snippet:-1","max-image-preview":"max-image-preview:large","max-video-preview":"max-video-preview:-1"},"canonical":"https:\/\/www.groupe-cyllene.com\/en\/etl-souverain\/","og_locale":"en_GB","og_type":"article","og_title":"Solution ETL Souveraine & S\u00e9curis\u00e9e | Cyllene","og_description":"Cyllene propose un ETL souverain op\u00e9r\u00e9 en France : batch, streaming, connecteurs natifs et support 24\/7 pour fiabiliser vos flux de donn\u00e9es.","og_url":"https:\/\/www.groupe-cyllene.com\/en\/etl-souverain\/","og_site_name":"Cyllene","article_modified_time":"2026-04-02T14:26:07+00:00","og_image":[{"width":2048,"height":1536,"url":"https:\/\/www.groupe-cyllene.com\/wp-content\/uploads\/2025\/10\/fabio-oyXis2kALVg-unsplash.jpg","type":"image\/jpeg"}],"twitter_card":"summary_large_image","twitter_misc":{"Estimated reading time":"1 minute"},"schema":{"@context":"https:\/\/schema.org","@graph":[{"@type":"WebPage","@id":"https:\/\/www.groupe-cyllene.com\/etl-souverain\/","url":"https:\/\/www.groupe-cyllene.com\/etl-souverain\/","name":"Solution ETL Souveraine & S\u00e9curis\u00e9e | Cyllene","isPartOf":{"@id":"https:\/\/www.groupe-cyllene.com\/#website"},"primaryImageOfPage":{"@id":"https:\/\/www.groupe-cyllene.com\/etl-souverain\/#primaryimage"},"image":{"@id":"https:\/\/www.groupe-cyllene.com\/etl-souverain\/#primaryimage"},"thumbnailUrl":"https:\/\/www.groupe-cyllene.com\/wp-content\/uploads\/2025\/10\/fabio-oyXis2kALVg-unsplash.jpg","datePublished":"2026-01-06T09:22:36+00:00","dateModified":"2026-04-02T14:26:07+00:00","description":"Cyllene propose un ETL souverain op\u00e9r\u00e9 en France : batch, streaming, connecteurs natifs et support 24\/7 pour fiabiliser vos flux de donn\u00e9es.","inLanguage":"en-GB","potentialAction":[{"@type":"ReadAction","target":["https:\/\/www.groupe-cyllene.com\/etl-souverain\/"]}]},{"@type":"ImageObject","inLanguage":"en-GB","@id":"https:\/\/www.groupe-cyllene.com\/etl-souverain\/#primaryimage","url":"https:\/\/www.groupe-cyllene.com\/wp-content\/uploads\/2025\/10\/fabio-oyXis2kALVg-unsplash.jpg","contentUrl":"https:\/\/www.groupe-cyllene.com\/wp-content\/uploads\/2025\/10\/fabio-oyXis2kALVg-unsplash.jpg","width":2048,"height":1536},{"@type":"WebSite","@id":"https:\/\/www.groupe-cyllene.com\/#website","url":"https:\/\/www.groupe-cyllene.com\/","name":"Cyllene","description":"","potentialAction":[{"@type":"SearchAction","target":{"@type":"EntryPoint","urlTemplate":"https:\/\/www.groupe-cyllene.com\/?s={search_term_string}"},"query-input":{"@type":"PropertyValueSpecification","valueRequired":true,"valueName":"search_term_string"}}],"inLanguage":"en-GB"}]}},"_links":{"self":[{"href":"https:\/\/www.groupe-cyllene.com\/en\/wp-json\/wp\/v2\/pages\/16183","targetHints":{"allow":["GET"]}}],"collection":[{"href":"https:\/\/www.groupe-cyllene.com\/en\/wp-json\/wp\/v2\/pages"}],"about":[{"href":"https:\/\/www.groupe-cyllene.com\/en\/wp-json\/wp\/v2\/types\/page"}],"author":[{"embeddable":true,"href":"https:\/\/www.groupe-cyllene.com\/en\/wp-json\/wp\/v2\/users\/11"}],"replies":[{"embeddable":true,"href":"https:\/\/www.groupe-cyllene.com\/en\/wp-json\/wp\/v2\/comments?post=16183"}],"version-history":[{"count":7,"href":"https:\/\/www.groupe-cyllene.com\/en\/wp-json\/wp\/v2\/pages\/16183\/revisions"}],"predecessor-version":[{"id":16815,"href":"https:\/\/www.groupe-cyllene.com\/en\/wp-json\/wp\/v2\/pages\/16183\/revisions\/16815"}],"wp:featuredmedia":[{"embeddable":true,"href":"https:\/\/www.groupe-cyllene.com\/en\/wp-json\/wp\/v2\/media\/14113"}],"wp:attachment":[{"href":"https:\/\/www.groupe-cyllene.com\/en\/wp-json\/wp\/v2\/media?parent=16183"}],"curies":[{"name":"wp","href":"https:\/\/api.w.org\/{rel}","templated":true}]}}