{"id":17,"date":"2023-07-30T13:10:09","date_gmt":"2023-07-30T13:10:09","guid":{"rendered":"https:\/\/5757-176-233-27-133.ngrok-free.app\/?page_id=17"},"modified":"2025-10-27T10:48:39","modified_gmt":"2025-10-27T09:48:39","slug":"cyllene","status":"publish","type":"page","link":"https:\/\/www.groupe-cyllene.com\/en\/cyllene\/","title":{"rendered":"Cyllene"},"content":{"rendered":"","protected":false},"excerpt":{"rendered":"","protected":false},"author":1,"featured_media":0,"parent":0,"menu_order":0,"comment_status":"closed","ping_status":"closed","template":"template-team.php","meta":{"inline_featured_image":false,"footnotes":""},"class_list":["post-17","page","type-page","status-publish","hentry"],"acf":[],"yoast_head":"<!-- This site is optimized with the Yoast SEO plugin v27.5 - https:\/\/yoast.com\/product\/yoast-seo-wordpress\/ -->\n<title>Cyllene | Qui sommes-nous ?<\/title>\n<meta name=\"description\" content=\"Cyllene, acteur de votre transformation digitale. D\u00e9couvrez nos expertises : Cloud, S\u00e9curit\u00e9, Herbergement, Data, Webmarketing. Nos experts vous attendent.\" \/>\n<meta name=\"robots\" content=\"index, follow, max-snippet:-1, max-image-preview:large, max-video-preview:-1\" \/>\n<link rel=\"canonical\" href=\"https:\/\/www.groupe-cyllene.com\/en\/cyllene\/\" \/>\n<meta property=\"og:locale\" content=\"en_GB\" \/>\n<meta property=\"og:type\" content=\"article\" \/>\n<meta property=\"og:title\" content=\"Cyllene | Qui sommes-nous ?\" \/>\n<meta property=\"og:description\" content=\"Cyllene, acteur de votre transformation digitale. D\u00e9couvrez nos expertises : Cloud, S\u00e9curit\u00e9, Herbergement, Data, Webmarketing. Nos experts vous attendent.\" \/>\n<meta property=\"og:url\" content=\"https:\/\/www.groupe-cyllene.com\/en\/cyllene\/\" \/>\n<meta property=\"og:site_name\" content=\"Cyllene\" \/>\n<meta property=\"article:modified_time\" content=\"2025-10-27T09:48:39+00:00\" \/>\n<meta property=\"og:image\" content=\"https:\/\/www.groupe-cyllene.com\/wp-content\/uploads\/2023\/11\/Sharing_Image-1.jpg\" \/>\n\t<meta property=\"og:image:width\" content=\"700\" \/>\n\t<meta property=\"og:image:height\" content=\"430\" \/>\n\t<meta property=\"og:image:type\" content=\"image\/jpeg\" \/>\n<meta name=\"twitter:card\" content=\"summary_large_image\" \/>\n<script type=\"application\/ld+json\" class=\"yoast-schema-graph\">{\"@context\":\"https:\\\/\\\/schema.org\",\"@graph\":[{\"@type\":\"WebPage\",\"@id\":\"https:\\\/\\\/www.groupe-cyllene.com\\\/cyllene\\\/\",\"url\":\"https:\\\/\\\/www.groupe-cyllene.com\\\/cyllene\\\/\",\"name\":\"Cyllene | Qui sommes-nous ?\",\"isPartOf\":{\"@id\":\"https:\\\/\\\/www.groupe-cyllene.com\\\/#website\"},\"datePublished\":\"2023-07-30T13:10:09+00:00\",\"dateModified\":\"2025-10-27T09:48:39+00:00\",\"description\":\"Cyllene, acteur de votre transformation digitale. D\u00e9couvrez nos expertises : Cloud, S\u00e9curit\u00e9, Herbergement, Data, Webmarketing. Nos experts vous attendent.\",\"inLanguage\":\"en-GB\",\"potentialAction\":[{\"@type\":\"ReadAction\",\"target\":[\"https:\\\/\\\/www.groupe-cyllene.com\\\/cyllene\\\/\"]}]},{\"@type\":\"WebSite\",\"@id\":\"https:\\\/\\\/www.groupe-cyllene.com\\\/#website\",\"url\":\"https:\\\/\\\/www.groupe-cyllene.com\\\/\",\"name\":\"Cyllene\",\"description\":\"\",\"potentialAction\":[{\"@type\":\"SearchAction\",\"target\":{\"@type\":\"EntryPoint\",\"urlTemplate\":\"https:\\\/\\\/www.groupe-cyllene.com\\\/?s={search_term_string}\"},\"query-input\":{\"@type\":\"PropertyValueSpecification\",\"valueRequired\":true,\"valueName\":\"search_term_string\"}}],\"inLanguage\":\"en-GB\"}]}<\/script>\n<!-- \/ Yoast SEO plugin. -->","yoast_head_json":{"title":"Cyllene | Qui sommes-nous ?","description":"Cyllene, acteur de votre transformation digitale. D\u00e9couvrez nos expertises : Cloud, S\u00e9curit\u00e9, Herbergement, Data, Webmarketing. Nos experts vous attendent.","robots":{"index":"index","follow":"follow","max-snippet":"max-snippet:-1","max-image-preview":"max-image-preview:large","max-video-preview":"max-video-preview:-1"},"canonical":"https:\/\/www.groupe-cyllene.com\/en\/cyllene\/","og_locale":"en_GB","og_type":"article","og_title":"Cyllene | Qui sommes-nous ?","og_description":"Cyllene, acteur de votre transformation digitale. D\u00e9couvrez nos expertises : Cloud, S\u00e9curit\u00e9, Herbergement, Data, Webmarketing. Nos experts vous attendent.","og_url":"https:\/\/www.groupe-cyllene.com\/en\/cyllene\/","og_site_name":"Cyllene","article_modified_time":"2025-10-27T09:48:39+00:00","og_image":[{"width":700,"height":430,"url":"https:\/\/www.groupe-cyllene.com\/wp-content\/uploads\/2023\/11\/Sharing_Image-1.jpg","type":"image\/jpeg"}],"twitter_card":"summary_large_image","schema":{"@context":"https:\/\/schema.org","@graph":[{"@type":"WebPage","@id":"https:\/\/www.groupe-cyllene.com\/cyllene\/","url":"https:\/\/www.groupe-cyllene.com\/cyllene\/","name":"Cyllene | Qui sommes-nous ?","isPartOf":{"@id":"https:\/\/www.groupe-cyllene.com\/#website"},"datePublished":"2023-07-30T13:10:09+00:00","dateModified":"2025-10-27T09:48:39+00:00","description":"Cyllene, acteur de votre transformation digitale. D\u00e9couvrez nos expertises : Cloud, S\u00e9curit\u00e9, Herbergement, Data, Webmarketing. Nos experts vous attendent.","inLanguage":"en-GB","potentialAction":[{"@type":"ReadAction","target":["https:\/\/www.groupe-cyllene.com\/cyllene\/"]}]},{"@type":"WebSite","@id":"https:\/\/www.groupe-cyllene.com\/#website","url":"https:\/\/www.groupe-cyllene.com\/","name":"Cyllene","description":"","potentialAction":[{"@type":"SearchAction","target":{"@type":"EntryPoint","urlTemplate":"https:\/\/www.groupe-cyllene.com\/?s={search_term_string}"},"query-input":{"@type":"PropertyValueSpecification","valueRequired":true,"valueName":"search_term_string"}}],"inLanguage":"en-GB"}]}},"_links":{"self":[{"href":"https:\/\/www.groupe-cyllene.com\/en\/wp-json\/wp\/v2\/pages\/17","targetHints":{"allow":["GET"]}}],"collection":[{"href":"https:\/\/www.groupe-cyllene.com\/en\/wp-json\/wp\/v2\/pages"}],"about":[{"href":"https:\/\/www.groupe-cyllene.com\/en\/wp-json\/wp\/v2\/types\/page"}],"author":[{"embeddable":true,"href":"https:\/\/www.groupe-cyllene.com\/en\/wp-json\/wp\/v2\/users\/1"}],"replies":[{"embeddable":true,"href":"https:\/\/www.groupe-cyllene.com\/en\/wp-json\/wp\/v2\/comments?post=17"}],"version-history":[{"count":82,"href":"https:\/\/www.groupe-cyllene.com\/en\/wp-json\/wp\/v2\/pages\/17\/revisions"}],"predecessor-version":[{"id":14777,"href":"https:\/\/www.groupe-cyllene.com\/en\/wp-json\/wp\/v2\/pages\/17\/revisions\/14777"}],"wp:attachment":[{"href":"https:\/\/www.groupe-cyllene.com\/en\/wp-json\/wp\/v2\/media?parent=17"}],"curies":[{"name":"wp","href":"https:\/\/api.w.org\/{rel}","templated":true}]}}