{"id":1763,"date":"2023-11-17T15:08:17","date_gmt":"2023-11-17T15:08:17","guid":{"rendered":"https:\/\/www.groupe-cyllene.com\/?page_id=1763"},"modified":"2026-04-03T10:46:32","modified_gmt":"2026-04-03T09:46:32","slug":"formation-proxmox","status":"publish","type":"page","link":"https:\/\/www.groupe-cyllene.com\/en\/formation-proxmox\/","title":{"rendered":"Formation Proxmox"},"content":{"rendered":"","protected":false},"excerpt":{"rendered":"","protected":false},"author":1,"featured_media":0,"parent":0,"menu_order":0,"comment_status":"closed","ping_status":"closed","template":"template-solutions.php","meta":{"inline_featured_image":false,"footnotes":""},"class_list":["post-1763","page","type-page","status-publish","hentry"],"acf":[],"yoast_head":"<!-- This site is optimized with the Yoast SEO plugin v27.6 - https:\/\/yoast.com\/product\/yoast-seo-wordpress\/ -->\n<title>Formations Proxmox | La solution de virtualisation libre<\/title>\n<meta name=\"description\" content=\"Ma\u00eetrisez Proxmox avec nos formations en ligne. D\u00e9butant ou avanc\u00e9, progressez efficacement gr\u00e2ce \u00e0 nos experts. Attestation d\u00e9livr\u00e9e.\" \/>\n<meta name=\"robots\" content=\"index, follow, max-snippet:-1, max-image-preview:large, max-video-preview:-1\" \/>\n<link rel=\"canonical\" href=\"https:\/\/www.groupe-cyllene.com\/en\/formation-proxmox\/\" \/>\n<meta property=\"og:locale\" content=\"en_GB\" \/>\n<meta property=\"og:type\" content=\"article\" \/>\n<meta property=\"og:title\" content=\"Formations Proxmox | La solution de virtualisation libre\" \/>\n<meta property=\"og:description\" content=\"Ma\u00eetrisez Proxmox avec nos formations en ligne. D\u00e9butant ou avanc\u00e9, progressez efficacement gr\u00e2ce \u00e0 nos experts. Attestation d\u00e9livr\u00e9e.\" \/>\n<meta property=\"og:url\" content=\"https:\/\/www.groupe-cyllene.com\/en\/formation-proxmox\/\" \/>\n<meta property=\"og:site_name\" content=\"Cyllene\" \/>\n<meta property=\"article:modified_time\" content=\"2026-04-03T09:46:32+00:00\" \/>\n<meta property=\"og:image\" content=\"https:\/\/www.groupe-cyllene.com\/wp-content\/uploads\/2023\/11\/Sharing_Image-1.jpg\" \/>\n\t<meta property=\"og:image:width\" content=\"700\" \/>\n\t<meta property=\"og:image:height\" content=\"430\" \/>\n\t<meta property=\"og:image:type\" content=\"image\/jpeg\" \/>\n<meta name=\"twitter:card\" content=\"summary_large_image\" \/>\n<script type=\"application\/ld+json\" class=\"yoast-schema-graph\">{\"@context\":\"https:\\\/\\\/schema.org\",\"@graph\":[{\"@type\":\"WebPage\",\"@id\":\"https:\\\/\\\/www.groupe-cyllene.com\\\/formation-proxmox\\\/\",\"url\":\"https:\\\/\\\/www.groupe-cyllene.com\\\/formation-proxmox\\\/\",\"name\":\"Formations Proxmox | La solution de virtualisation libre\",\"isPartOf\":{\"@id\":\"https:\\\/\\\/www.groupe-cyllene.com\\\/#website\"},\"datePublished\":\"2023-11-17T15:08:17+00:00\",\"dateModified\":\"2026-04-03T09:46:32+00:00\",\"description\":\"Ma\u00eetrisez Proxmox avec nos formations en ligne. D\u00e9butant ou avanc\u00e9, progressez efficacement gr\u00e2ce \u00e0 nos experts. Attestation d\u00e9livr\u00e9e.\",\"inLanguage\":\"en-GB\",\"potentialAction\":[{\"@type\":\"ReadAction\",\"target\":[\"https:\\\/\\\/www.groupe-cyllene.com\\\/formation-proxmox\\\/\"]}]},{\"@type\":\"WebSite\",\"@id\":\"https:\\\/\\\/www.groupe-cyllene.com\\\/#website\",\"url\":\"https:\\\/\\\/www.groupe-cyllene.com\\\/\",\"name\":\"Cyllene\",\"description\":\"\",\"potentialAction\":[{\"@type\":\"SearchAction\",\"target\":{\"@type\":\"EntryPoint\",\"urlTemplate\":\"https:\\\/\\\/www.groupe-cyllene.com\\\/?s={search_term_string}\"},\"query-input\":{\"@type\":\"PropertyValueSpecification\",\"valueRequired\":true,\"valueName\":\"search_term_string\"}}],\"inLanguage\":\"en-GB\"}]}<\/script>\n<!-- \/ Yoast SEO plugin. -->","yoast_head_json":{"title":"Formations Proxmox | La solution de virtualisation libre","description":"Ma\u00eetrisez Proxmox avec nos formations en ligne. D\u00e9butant ou avanc\u00e9, progressez efficacement gr\u00e2ce \u00e0 nos experts. Attestation d\u00e9livr\u00e9e.","robots":{"index":"index","follow":"follow","max-snippet":"max-snippet:-1","max-image-preview":"max-image-preview:large","max-video-preview":"max-video-preview:-1"},"canonical":"https:\/\/www.groupe-cyllene.com\/en\/formation-proxmox\/","og_locale":"en_GB","og_type":"article","og_title":"Formations Proxmox | La solution de virtualisation libre","og_description":"Ma\u00eetrisez Proxmox avec nos formations en ligne. D\u00e9butant ou avanc\u00e9, progressez efficacement gr\u00e2ce \u00e0 nos experts. Attestation d\u00e9livr\u00e9e.","og_url":"https:\/\/www.groupe-cyllene.com\/en\/formation-proxmox\/","og_site_name":"Cyllene","article_modified_time":"2026-04-03T09:46:32+00:00","og_image":[{"width":700,"height":430,"url":"https:\/\/www.groupe-cyllene.com\/wp-content\/uploads\/2023\/11\/Sharing_Image-1.jpg","type":"image\/jpeg"}],"twitter_card":"summary_large_image","schema":{"@context":"https:\/\/schema.org","@graph":[{"@type":"WebPage","@id":"https:\/\/www.groupe-cyllene.com\/formation-proxmox\/","url":"https:\/\/www.groupe-cyllene.com\/formation-proxmox\/","name":"Formations Proxmox | La solution de virtualisation libre","isPartOf":{"@id":"https:\/\/www.groupe-cyllene.com\/#website"},"datePublished":"2023-11-17T15:08:17+00:00","dateModified":"2026-04-03T09:46:32+00:00","description":"Ma\u00eetrisez Proxmox avec nos formations en ligne. D\u00e9butant ou avanc\u00e9, progressez efficacement gr\u00e2ce \u00e0 nos experts. Attestation d\u00e9livr\u00e9e.","inLanguage":"en-GB","potentialAction":[{"@type":"ReadAction","target":["https:\/\/www.groupe-cyllene.com\/formation-proxmox\/"]}]},{"@type":"WebSite","@id":"https:\/\/www.groupe-cyllene.com\/#website","url":"https:\/\/www.groupe-cyllene.com\/","name":"Cyllene","description":"","potentialAction":[{"@type":"SearchAction","target":{"@type":"EntryPoint","urlTemplate":"https:\/\/www.groupe-cyllene.com\/?s={search_term_string}"},"query-input":{"@type":"PropertyValueSpecification","valueRequired":true,"valueName":"search_term_string"}}],"inLanguage":"en-GB"}]}},"_links":{"self":[{"href":"https:\/\/www.groupe-cyllene.com\/en\/wp-json\/wp\/v2\/pages\/1763","targetHints":{"allow":["GET"]}}],"collection":[{"href":"https:\/\/www.groupe-cyllene.com\/en\/wp-json\/wp\/v2\/pages"}],"about":[{"href":"https:\/\/www.groupe-cyllene.com\/en\/wp-json\/wp\/v2\/types\/page"}],"author":[{"embeddable":true,"href":"https:\/\/www.groupe-cyllene.com\/en\/wp-json\/wp\/v2\/users\/1"}],"replies":[{"embeddable":true,"href":"https:\/\/www.groupe-cyllene.com\/en\/wp-json\/wp\/v2\/comments?post=1763"}],"version-history":[{"count":60,"href":"https:\/\/www.groupe-cyllene.com\/en\/wp-json\/wp\/v2\/pages\/1763\/revisions"}],"predecessor-version":[{"id":16734,"href":"https:\/\/www.groupe-cyllene.com\/en\/wp-json\/wp\/v2\/pages\/1763\/revisions\/16734"}],"wp:attachment":[{"href":"https:\/\/www.groupe-cyllene.com\/en\/wp-json\/wp\/v2\/media?parent=1763"}],"curies":[{"name":"wp","href":"https:\/\/api.w.org\/{rel}","templated":true}]}}